{"id":1688,"date":"2017-12-07T22:48:42","date_gmt":"2017-12-07T21:48:42","guid":{"rendered":"https:\/\/lemanoirdf.com\/the-area\/"},"modified":"2024-05-09T13:06:03","modified_gmt":"2024-05-09T11:06:03","slug":"la-region","status":"publish","type":"page","link":"https:\/\/lemanoirdf.com\/fr\/la-region\/","title":{"rendered":"La R\u00e9gion"},"content":{"rendered":"<p>Le Manoir des Fouilloux est situ\u00e9 dans un petit hameau entre Rib\u00e9rac et St. Aulaye.<\/p>\n<p>St Aulaye est \u00e0 cinq minutes en voiture. Les installations comprennent une boulangerie, un supermarch\u00e9, un caf\u00e9 et des restaurants, une pharmacie, une banque et un m\u00e9decin. Il y a aussi une plage artificielle sur la rivi\u00e8re, avec un bar de plage et la location de kayaks. Des activit\u00e9s telles que le golf, la marche et l&rsquo;\u00e9quitation sont toutes disponibles \u00e0 proximit\u00e9.<\/p>\n<p>Il y a un grand choix d&rsquo;installations et de services dans la ville voisinante de Rib\u00e9rac, qui poss\u00e8de \u00e9galement l&rsquo;un des march\u00e9s gastro-alimentaires les plus importants et les plus populaires de la Dordogne.<\/p>\n<p>Plus loin, St. \u00c9milion est \u00e0 seulement 40 minutes en voiture. Ce site du patrimoine mondial est un aimant pour les amateurs de vin. La merveilleuse ville historique de Bergerac se trouve \u00e0 50 minutes en voiture et propose d&rsquo;excellents magasins de nourriture et de vin, y compris le c\u00e9l\u00e8bre ch\u00e2teau Monbazillac, connu pour son excellent vin de dessert. Bordeaux, avec ses vignobles de renomm\u00e9e mondiale sur les rives de la Gironde, se trouve \u00e0 une heure de route du Manoir des Fouilloux.<\/p>\n<p>En t\u00eate de liste des choses \u00e0 faire pendant votre s\u00e9jour au Manoir des Fouilloux est un voyage \u00e0 Aubterre, \u00e0 15 minutes en voiture. Aubeterre est class\u00e9 comme l&rsquo;un des Plus Beaux Villages de France. Cette belle ville poss\u00e8de une ancienne \u00e9glise souterraine monolithique unique.<\/p>\n<div id='gallery-1' class='gallery galleryid-1688 gallery-columns-3 gallery-size-medium-square'><figure class='gallery-item'>\n\t\t\t<div class='gallery-icon landscape'>\n\t\t\t\t<a href='https:\/\/lemanoirdf.com\/fr\/0-98-2-2\/'><img loading=\"lazy\" decoding=\"async\" width=\"300\" height=\"300\" src=\"https:\/\/lemanoirdf.com\/wp-content\/uploads\/2017\/12\/0-98-300x300.jpg\" class=\"attachment-medium-square size-medium-square\" alt=\"\" srcset=\"https:\/\/lemanoirdf.com\/wp-content\/uploads\/2017\/12\/0-98-300x300.jpg 300w, https:\/\/lemanoirdf.com\/wp-content\/uploads\/2017\/12\/0-98-150x150.jpg 150w, https:\/\/lemanoirdf.com\/wp-content\/uploads\/2017\/12\/0-98-768x768.jpg 768w\" sizes=\"auto, (max-width: 300px) 100vw, 300px\" \/><\/a>\n\t\t\t<\/div><\/figure><figure class='gallery-item'>\n\t\t\t<div class='gallery-icon landscape'>\n\t\t\t\t<a href='https:\/\/lemanoirdf.com\/fr\/0-96-2-2\/'><img loading=\"lazy\" decoding=\"async\" width=\"300\" height=\"300\" src=\"https:\/\/lemanoirdf.com\/wp-content\/uploads\/2017\/12\/0-96-300x300.jpg\" class=\"attachment-medium-square size-medium-square\" alt=\"\" srcset=\"https:\/\/lemanoirdf.com\/wp-content\/uploads\/2017\/12\/0-96-300x300.jpg 300w, https:\/\/lemanoirdf.com\/wp-content\/uploads\/2017\/12\/0-96-150x150.jpg 150w, https:\/\/lemanoirdf.com\/wp-content\/uploads\/2017\/12\/0-96-768x768.jpg 768w\" sizes=\"auto, (max-width: 300px) 100vw, 300px\" \/><\/a>\n\t\t\t<\/div><\/figure><figure class='gallery-item'>\n\t\t\t<div class='gallery-icon landscape'>\n\t\t\t\t<a href='https:\/\/lemanoirdf.com\/fr\/0-101-2-2\/'><img loading=\"lazy\" decoding=\"async\" width=\"300\" height=\"300\" src=\"https:\/\/lemanoirdf.com\/wp-content\/uploads\/2017\/12\/0-101-300x300.jpg\" class=\"attachment-medium-square size-medium-square\" alt=\"\" srcset=\"https:\/\/lemanoirdf.com\/wp-content\/uploads\/2017\/12\/0-101-300x300.jpg 300w, https:\/\/lemanoirdf.com\/wp-content\/uploads\/2017\/12\/0-101-150x150.jpg 150w, https:\/\/lemanoirdf.com\/wp-content\/uploads\/2017\/12\/0-101-768x768.jpg 768w\" sizes=\"auto, (max-width: 300px) 100vw, 300px\" \/><\/a>\n\t\t\t<\/div><\/figure>\n\t\t<\/div>\n\n","protected":false},"excerpt":{"rendered":"<p>Le Manoir des Fouilloux est situ\u00e9 dans un petit hameau entre Rib\u00e9rac et St. Aulaye. St Aulaye est \u00e0 cinq minutes en voiture. Les installations comprennent une boulangerie, un supermarch\u00e9, un caf\u00e9 et des restaurants, une pharmacie, une banque et un m\u00e9decin. Il y a aussi une plage artificielle sur la rivi\u00e8re, avec un bar [&hellip;]<\/p>\n","protected":false},"author":1,"featured_media":1571,"parent":0,"menu_order":0,"comment_status":"closed","ping_status":"closed","template":"template-hero.php","meta":{"_glsr_average":0,"_glsr_ranking":0,"_glsr_reviews":0,"footnotes":""},"class_list":["post-1688","page","type-page","status-publish","has-post-thumbnail","hentry"],"_links":{"self":[{"href":"https:\/\/lemanoirdf.com\/fr\/wp-json\/wp\/v2\/pages\/1688","targetHints":{"allow":["GET"]}}],"collection":[{"href":"https:\/\/lemanoirdf.com\/fr\/wp-json\/wp\/v2\/pages"}],"about":[{"href":"https:\/\/lemanoirdf.com\/fr\/wp-json\/wp\/v2\/types\/page"}],"author":[{"embeddable":true,"href":"https:\/\/lemanoirdf.com\/fr\/wp-json\/wp\/v2\/users\/1"}],"replies":[{"embeddable":true,"href":"https:\/\/lemanoirdf.com\/fr\/wp-json\/wp\/v2\/comments?post=1688"}],"version-history":[{"count":5,"href":"https:\/\/lemanoirdf.com\/fr\/wp-json\/wp\/v2\/pages\/1688\/revisions"}],"predecessor-version":[{"id":1770,"href":"https:\/\/lemanoirdf.com\/fr\/wp-json\/wp\/v2\/pages\/1688\/revisions\/1770"}],"wp:featuredmedia":[{"embeddable":true,"href":"https:\/\/lemanoirdf.com\/fr\/wp-json\/wp\/v2\/media\/1571"}],"wp:attachment":[{"href":"https:\/\/lemanoirdf.com\/fr\/wp-json\/wp\/v2\/media?parent=1688"}],"curies":[{"name":"wp","href":"https:\/\/api.w.org\/{rel}","templated":true}]}}