{"id":1686,"date":"2024-05-09T11:40:58","date_gmt":"2024-05-09T09:40:58","guid":{"rendered":"https:\/\/lemanoirdf.com\/sustainability-statement\/"},"modified":"2024-05-09T14:52:43","modified_gmt":"2024-05-09T12:52:43","slug":"declaration-de-durabilite","status":"publish","type":"page","link":"https:\/\/lemanoirdf.com\/fr\/declaration-de-durabilite\/","title":{"rendered":"D\u00e9claration de Durabilit\u00e9"},"content":{"rendered":"\n<p>Ici, au Manoir Des Fouilloux, nous nous effor\u00e7ons de minimiser notre empreinte carbone de toutes les mani\u00e8res possibles. Nous nous engageons \u00e0 respecter l&rsquo;environnement local et \u00e0 essayer de parvenir \u00e0 une empreinte carbone nulle.<\/p>\n\n\n\n<h2 class=\"wp-block-heading\">Notre Terrain<\/h2>\n\n\n\n<p>La maison est situ\u00e9e dans la magnifique campagne rurale et notre contribution devrait donc commencer par la terre. Nous n&rsquo;utilisons aucun pesticide ni engrais toxique sur nos terres. Nous n&rsquo;utilisons pas non plus de tourbe. Nous compostons et ramassons les feuilles d&rsquo;automne pour pailler les bordures et contr\u00f4ler la croissance des mauvaises herbes. Depuis l&rsquo;achat de la propri\u00e9t\u00e9 en 2013, nous avons plant\u00e9 plus de 150 arbres et transform\u00e9 l&rsquo;aspect des jardins actuels. Nous avons ajout\u00e9 un verger fruitier qui est productif tout au long des mois estivaux et qui nous permet de produire des conserves, des liqueurs et des chutneys maison. Bien entendu, tous nos arbres contribuent \u00e0 l&rsquo;absorption du carbone et aident \u00e0 neutraliser l&rsquo;impact de nos \u00e9missions de carbone. Plus pr\u00e8s de la maison, les arbres ombragent les terrasses et la maison, ce qui permet de garder ce majestueux Manoir au frais pendant les mois d&rsquo;\u00e9t\u00e9. Ils cr\u00e9ent \u00e9galement un merveilleux habitat pour les nombreuses vari\u00e9t\u00e9s d&rsquo;oiseaux et d&rsquo;insectes qui partagent notre maison.<\/p>\n\n\n\n<h2 class=\"wp-block-heading\">Notre Maison<\/h2>\n\n\n\n<p>Cette maison a plus de 500 ans et n&rsquo;est donc pas moderne en termes de construction. Les planchers du grenier ont \u00e9t\u00e9 triplement isol\u00e9s et de nouveaux planchers ont \u00e9t\u00e9 ajout\u00e9s pour retenir la chaleur en hiver mais aussi de l&#8217;emp\u00eacher d&rsquo;entrer pendant les mois d&rsquo;\u00e9t\u00e9. Nous vous recommandons, pendant votre s\u00e9jour chez nous, de prendre quelques mesures simples pour minimiser votre impact sur notre empreinte carbone.<\/p>\n\n\n\n<ul class=\"wp-block-list\">\n<li>Limitez le temps pass\u00e9 sous la douche et pr\u00e9f\u00e9rez la douche au bain.<\/li>\n\n\n\n<li>Utilisez les cycles ECO sur tous les appareils \u00e9lectriques dans les cuisines et les buanderies, tels que les lave-vaisselle, les lave-linge, etc. Ne rincez pas la porcelaine avant de la mettre dans le lave-vaisselle, cela gaspille une \u00e9norme quantit\u00e9 d&rsquo;eau et n&rsquo;est pas recommand\u00e9 avec les lave-vaisselle modernes. Ne faites fonctionner les lave-vaisselle et les lave-linge que lorsqu&rsquo;ils sont pleins. Il y a un s\u00e8che-linge, mais n&rsquo;h\u00e9sitez pas \u00e0 utiliser les cordes de s\u00e9chage rotatives, qui s\u00e8chent les v\u00eatements tr\u00e8s rapidement pendant les mois d&rsquo;\u00e9t\u00e9 et donnent \u00e0 vos v\u00eatements une bonne odeur de fra\u00eecheur. R\u00e9duisez au minimum la dur\u00e9e d&rsquo;ouverture du r\u00e9frig\u00e9rateur ou du cong\u00e9lateur.<\/li>\n\n\n\n<li>Toutes les toilettes sont \u00e9quip\u00e9es d&rsquo;une double chasse d&rsquo;eau, veuillez utiliser la chasse d&rsquo;eau la plus faible lorsque cela s&rsquo;av\u00e8re n\u00e9cessaire.<\/li>\n\n\n\n<li>\u00c9teignez toutes les lumi\u00e8res dans les pi\u00e8ces inoccup\u00e9es.<\/li>\n\n\n\n<li>D\u00e9branchez les chargeurs lorsqu&rsquo;ils ne sont pas utilis\u00e9s.<\/li>\n\n\n\n<li>Fermez les volets pendant l&rsquo;apr\u00e8s-midi, ce qui permettra de conserver une belle fra\u00eecheur dans la maison, m\u00eame en cas de vague de chaleur extr\u00eame.<\/li>\n\n\n\n<li>Nous disposons d&rsquo;installations de recyclage compl\u00e8tes et nous essayons de r\u00e9duire au minimum les d\u00e9chets des sacs noirs des d\u00e9charges. Nous fabriquons \u00e9galement notre propre compost \u00e0 partir des d\u00e9chets v\u00e9g\u00e9taux, alors aidez-nous \u00e0 enrichir le jardin avec le compost que nous produisons nous-m\u00eames.<\/li>\n<\/ul>\n\n\n\n<h2 class=\"wp-block-heading\">L&rsquo;avenir<\/h2>\n\n\n\n<p>Lorsque nous restaurons, nous int\u00e9grons en m\u00eame temps des mesures de d\u00e9veloppement durable. \u00c0 cette fin, nous recueillons toutes les eaux de pluie provenant des toits des Fouilloux. Plus tard dans l&rsquo;ann\u00e9e (2024), nous construirons un grand \u00e9tang naturel pour collecter ces eaux de ruissellement et les pomper vers les stations d&rsquo;arrosage des jardins autour de la propri\u00e9t\u00e9. Nous avons \u00e9galement la chance de disposer d&rsquo;une source d&rsquo;eau fra\u00eeche provenant de notre propre puits, qui est \u00e9galement utilis\u00e9e pour arroser les jardins.<\/p>\n\n\n\n<p>Toutes les fontaines et tous les \u00e9clairages ext\u00e9rieurs sont contr\u00f4l\u00e9s par des syst\u00e8mes de minuterie afin que vous puissiez en profiter au maximum sans avoir \u00e0 vous souvenir de les \u00e9teindre.<\/p>\n\n\n\n<p>Nous travaillons activement \u00e0 l&rsquo;installation de panneaux photovolta\u00efques afin de r\u00e9duire davantage notre empreinte carbone et d&rsquo;utiliser l&rsquo;\u00e9nergie de mani\u00e8re plus \u00e9conomique.<\/p>\n\n\n\n<p>Enfin, nous pr\u00e9voyons d&rsquo;ajouter des \u00e9quipements de recharge pour voitures \u00e9lectriques dans un nouveau parking couvert pr\u00e9vu pour octobre 2024.<\/p>\n\n\n\n<p>Ici, aux Fouilloux, nous appr\u00e9cions pleinement la beaut\u00e9 de notre environnement et nous avons l&rsquo;intention de faire tous les efforts possibles pour soutenir un environnement durable pour notre avenir et celui des g\u00e9n\u00e9rations futures.<\/p>\n","protected":false},"excerpt":{"rendered":"<p>Ici, au Manoir Des Fouilloux, nous nous effor\u00e7ons de minimiser notre empreinte carbone de toutes les mani\u00e8res possibles. Nous nous engageons \u00e0 respecter l&rsquo;environnement local et \u00e0 essayer de parvenir \u00e0 une empreinte carbone nulle. Notre Terrain La maison est situ\u00e9e dans la magnifique campagne rurale et notre contribution devrait donc commencer par la terre. [&hellip;]<\/p>\n","protected":false},"author":1,"featured_media":0,"parent":0,"menu_order":0,"comment_status":"closed","ping_status":"closed","template":"","meta":{"_glsr_average":0,"_glsr_ranking":0,"_glsr_reviews":0,"footnotes":""},"class_list":["post-1686","page","type-page","status-publish","hentry"],"_links":{"self":[{"href":"https:\/\/lemanoirdf.com\/fr\/wp-json\/wp\/v2\/pages\/1686","targetHints":{"allow":["GET"]}}],"collection":[{"href":"https:\/\/lemanoirdf.com\/fr\/wp-json\/wp\/v2\/pages"}],"about":[{"href":"https:\/\/lemanoirdf.com\/fr\/wp-json\/wp\/v2\/types\/page"}],"author":[{"embeddable":true,"href":"https:\/\/lemanoirdf.com\/fr\/wp-json\/wp\/v2\/users\/1"}],"replies":[{"embeddable":true,"href":"https:\/\/lemanoirdf.com\/fr\/wp-json\/wp\/v2\/comments?post=1686"}],"version-history":[{"count":3,"href":"https:\/\/lemanoirdf.com\/fr\/wp-json\/wp\/v2\/pages\/1686\/revisions"}],"predecessor-version":[{"id":1823,"href":"https:\/\/lemanoirdf.com\/fr\/wp-json\/wp\/v2\/pages\/1686\/revisions\/1823"}],"wp:attachment":[{"href":"https:\/\/lemanoirdf.com\/fr\/wp-json\/wp\/v2\/media?parent=1686"}],"curies":[{"name":"wp","href":"https:\/\/api.w.org\/{rel}","templated":true}]}}