{"id":1684,"date":"2023-10-09T11:31:17","date_gmt":"2023-10-09T09:31:17","guid":{"rendered":"https:\/\/lemanoirdf.com\/reviews\/"},"modified":"2024-05-09T13:39:13","modified_gmt":"2024-05-09T11:39:13","slug":"commentaires","status":"publish","type":"page","link":"https:\/\/lemanoirdf.com\/fr\/commentaires\/","title":{"rendered":"Commentaires"},"content":{"rendered":"\n<p>Si vous avez s\u00e9journ\u00e9 au Manoir des Fouilloux, nous aimerions savoir ce que vous en avez pens\u00e9. Laissez-nous un commentaire en utilisant le petit formulaire ci-dessous.<\/p>\n\n\n\n<div class=\"shortcode-site-reviews-form\"><div class=\"glsr glsr-default\" id=\"glsr_bc7it90f\" data-from=\"shortcode\" data-shortcode=\"site_reviews_form\"><div class=\"glsr-form-wrap\">\n    <form class=\"glsr-form glsr-review-form\" method=\"post\" enctype=\"multipart\/form-data\">\n        <input type=\"hidden\" name=\"site-reviews[_action]\" value=\"submit-review\" \/>\n<input type=\"hidden\" name=\"site-reviews[_nonce]\" value=\"375a87ed80\" \/>\n<input type=\"hidden\" name=\"site-reviews[_post_id]\" value=\"1684\" \/>\n<input type=\"hidden\" name=\"site-reviews[_referer]\" value=\"\" \/>\n<input type=\"hidden\" name=\"site-reviews[assigned_posts]\" value=\"\" \/>\n<input type=\"hidden\" name=\"site-reviews[assigned_terms]\" value=\"\" \/>\n<input type=\"hidden\" name=\"site-reviews[assigned_users]\" value=\"\" \/>\n<input type=\"hidden\" name=\"site-reviews[excluded]\" value=\"\" \/>\n<input type=\"hidden\" name=\"site-reviews[form_id]\" value=\"glsr_bc7it90f\" \/>\n<input type=\"hidden\" name=\"site-reviews[form_signature]\" value=\"MFTaMQdJccksYRhKQBhR8v2angWi8sbU1hbe_kglM-AB979yvWSQKCFTKISc8jEQdN4q02eYsq8bvAHPfltonI4DcMDAb8fp5mo0oJySSTyKSkieSso8ABfae1z2z9qd0YGppQmEtalrVWm-95QT4E7722Mm5-U8UZJqbBbk3edokP_qPklZE5dlOESyJujRvzW_c4wtIzJ4LcSDFRj4S275T7Tw9cseMlimLkRmgHbMQnoQ2qwa3ysiDmSCmNUubA64DbKCpxl-ky31IphtZDVMV8UkI6AeQPdij4sXv241EKy0uMqZf10hCVwgdoXUQ1MBXLihptqzUIBaSKVfz76tm2U74CK7fVNqI5933qBUrW4_Ll-ZdsywFmEevqmdtEGpHmS5oxWNrqvGB9In6ui3ivVEsI-hfcAV5W57tUGavUT2XVT0b34fUnA\" \/>\n<input type=\"hidden\" name=\"site-reviews[terms_exist]\" value=\"1\" \/>\n<div class=\"glsr-field\" style=\"display:none;\"><label for=\"site-reviews-649a05e8-glsr_bc7it90f\">Votre avis<\/label><input type=\"text\" class=\"glsr-input glsr-input-text\" id=\"site-reviews-649a05e8-glsr_bc7it90f\" name=\"site-reviews[649a05e8]\" value=\"\" \/><\/div>\n<div class=\"glsr-field glsr-field-rating\" data-field=\"rating\" data-type=\"rating\">\n    <label class=\"glsr-label\" for=\"glsr_bc7it90f-rating\">\n    <span>Votre note globale<\/span>\n<\/label>\n    <select class=\"browser-default disable-select glsr-select no-wrap no_wrap\" id=\"glsr_bc7it90f-rating\" name=\"site-reviews[rating]\"><option value=\"\">S\u00e9lectionnez une note<\/option><option value=\"5\">5 \u00e9toiles<\/option><option value=\"4\">4 \u00e9toiles<\/option><option value=\"3\">3 \u00e9toiles<\/option><option value=\"2\">2 \u00e9toiles<\/option><option value=\"1\">1 \u00e9toile<\/option><\/select>\n    <div class=\"glsr-field-error\"><\/div>\n<\/div>\n<div class=\"glsr-field glsr-field-text glsr-required\" data-field=\"title\" data-type=\"text\">\n    <label class=\"glsr-label\" for=\"glsr_bc7it90f-title\">\n    <span>Titre de votre avis<\/span>\n<\/label>\n    <input type=\"text\" class=\"glsr-input glsr-input-text\" id=\"glsr_bc7it90f-title\" name=\"site-reviews[title]\" required placeholder=\"R\u00e9sumez votre avis ou mettez en \u00e9vidence un d\u00e9tail int\u00e9ressant\" value=\"\" \/>\n    <div class=\"glsr-field-error\"><\/div>\n<\/div>\n<div class=\"glsr-field glsr-field-textarea glsr-required\" data-field=\"content\" data-type=\"textarea\">\n    <label class=\"glsr-label\" for=\"glsr_bc7it90f-content\">\n    <span>Votre avis<\/span>\n<\/label>\n    <textarea class=\"glsr-textarea\" id=\"glsr_bc7it90f-content\" name=\"site-reviews[content]\" required placeholder=\"Donnez votre avis\" rows=\"5\"><\/textarea>\n    <div class=\"glsr-field-error\"><\/div>\n<\/div>\n<div class=\"glsr-field glsr-field-text glsr-required\" data-field=\"name\" data-type=\"text\">\n    <label class=\"glsr-label\" for=\"glsr_bc7it90f-name\">\n    <span>Votre nom<\/span>\n<\/label>\n    <input type=\"text\" class=\"glsr-input glsr-input-text\" id=\"glsr_bc7it90f-name\" name=\"site-reviews[name]\" required placeholder=\"Donnez votre nom\" value=\"\" \/>\n    <div class=\"glsr-field-error\"><\/div>\n<\/div>\n<div class=\"glsr-field glsr-field-email glsr-required\" data-field=\"email\" data-type=\"email\">\n    <label class=\"glsr-label\" for=\"glsr_bc7it90f-email\">\n    <span>Votre e-mail<\/span>\n<\/label>\n    <input type=\"email\" class=\"glsr-input glsr-input-email\" id=\"glsr_bc7it90f-email\" name=\"site-reviews[email]\" required placeholder=\"Donnez votre e-mail\" value=\"\" \/>\n    <div class=\"glsr-field-error\"><\/div>\n<\/div>\n<div class=\"glsr-field glsr-field-choice\" data-field=\"terms\" data-type=\"toggle\">\n    \n    <div class=\"glsr-field-subgroup\">\n        <span class=\"glsr-field-toggle\">\n    <span>\n        <span class=\"glsr-toggle\"><input type=\"checkbox\" class=\"glsr-input-toggle\" id=\"glsr_bc7it90f-terms-1\" name=\"site-reviews[terms]\" value=\"1\" \/><span class=\"glsr-toggle-track\"><\/span><\/span>\n    <\/span>\n    <label for=\"glsr_bc7it90f-terms-1\">Cette note est fond\u00e9e sur ma propre exp\u00e9rience et mon v\u00e9ritable avis.<\/label>\n<\/span>\n    <\/div>\n    <div class=\"glsr-field-error\"><\/div>\n<\/div>\n        <div class=\"glsr-form-message\">\n    \n<\/div>\n        <div data-field=\"submit-button\">\n    <div class=\"wp-block-buttons is-layout-flex\">\n        <div class=\"wp-block-button\">\n            <button type=\"submit\" class=\"glsr-button wp-block-button__link wp-element-button\" aria-busy=\"false\" data-loading=\"Submitting, please wait...\">Envoyer le commentaire<\/button>\n        <\/div>\n    <\/div>\n<\/div>\n    <\/form>\n<\/div><\/div><\/div>\n\n\n\n<hr class=\"wp-block-separator has-alpha-channel-opacity\"\/>\n\n\n\n<h2 class=\"wp-block-heading\">Ce que disent nos clients<\/h2>\n\n\n\n<div class=\"shortcode-site-reviews\"><div class=\"glsr glsr-default\" id=\"glsr_yji9e6iv\" data-from=\"shortcode\" data-shortcode=\"site_reviews\"><div class=\"glsr-reviews-wrap\">\n    <div class=\"glsr-reviews\">\n        <div class=\"glsr-review\" data-id=\"1830\" data-type=\"local\" id=\"review-1830\" data-assigned='[]'>\n    <div class=\"glsr-review-title\"><h4 class=\"glsr-tag-value\">A Dreamy Escape at Le Manoir<\/h4><\/div>\n    <div class=\"glsr-review-rating\"><div class=\"glsr-star-rating glsr-stars\" role=\"img\" aria-label=\"Rated 5 out of 5 stars\" data-rating=\"5\" data-reviews=\"0\"><span class=\"glsr-star glsr-star-full\" aria-hidden=\"true\"><\/span><span class=\"glsr-star glsr-star-full\" aria-hidden=\"true\"><\/span><span class=\"glsr-star glsr-star-full\" aria-hidden=\"true\"><\/span><span class=\"glsr-star glsr-star-full\" aria-hidden=\"true\"><\/span><span class=\"glsr-star glsr-star-full\" aria-hidden=\"true\"><\/span><\/div><\/div> <div class=\"glsr-review-date\"><span class=\"glsr-tag-value\">22 juillet 2024<\/span><\/div>\n    \n    <div class=\"glsr-review-content\"><div class=\"glsr-tag-value\" data-expanded=\"false\"><p>My stay at Le Manoir was nothing short of magical. This stunning property captivates from the moment you enter, with its meticulously kept grounds that promise a serene retreat. The property itself is beautifully appointed, blending classic charm with modern amenities seamlessly, creating an idyllic setting that feels both luxurious and welcoming.<\/p>\n<p class=\"glsr-hidden-text\" data-show-less=\"Afficher moins\" data-show-more=\"Afficher plus\" data-trigger=\"expand\">Hosts Ian and H<span class=\"glsr-hidden\">ugh have an exceptional knack for hospitality, ensuring that every need is met with a warm smile and genuine enthusiasm. The recommendations provided by our hosts, from local dining to activities, were impeccable and tailored to our interests, enhancing our visit with personalised touches.<\/span><\/p>\n<p class=\"glsr-hidden\">I cannot recommend Le Manoir highly enough for anyone looking for a truly special getaway. Whether you\u2019re seeking a peaceful escape from the hustle and bustle or a luxurious base to explore the local culture, Le Manoir exceeds expectations. This place is not just a stay; it&#8217;s an experience that will leave you longing to return.<\/p><\/div><\/div>\n    \n    <div class=\"glsr-review-author\"><span class=\"glsr-tag-value\">Blu Reynolds<\/span><\/div>  \n    \n<\/div>\n<div class=\"glsr-review\" data-id=\"1828\" data-type=\"local\" id=\"review-1828\" data-assigned='[]'>\n    <div class=\"glsr-review-title\"><h4 class=\"glsr-tag-value\">Absolument magnifique!!!<\/h4><\/div>\n    <div class=\"glsr-review-rating\"><div class=\"glsr-star-rating glsr-stars\" role=\"img\" aria-label=\"Rated 5 out of 5 stars\" data-rating=\"5\" data-reviews=\"0\"><span class=\"glsr-star glsr-star-full\" aria-hidden=\"true\"><\/span><span class=\"glsr-star glsr-star-full\" aria-hidden=\"true\"><\/span><span class=\"glsr-star glsr-star-full\" aria-hidden=\"true\"><\/span><span class=\"glsr-star glsr-star-full\" aria-hidden=\"true\"><\/span><span class=\"glsr-star glsr-star-full\" aria-hidden=\"true\"><\/span><\/div><\/div> <div class=\"glsr-review-date\"><span class=\"glsr-tag-value\">22 juillet 2024<\/span><\/div>\n    \n    <div class=\"glsr-review-content\"><div class=\"glsr-tag-value\" data-expanded=\"false\"><p>Fabulous!!! This is our second visit to LMDF and it won\u2019t be our last for sure. Ian and Hugh are such lovely hosts and the care and detail they provide is what made our visits special. We have stayed in many villas in France and this is without doubt our favourite.<\/p>\n<p class=\"glsr-hidden-text\" data-show-less=\"Afficher moins\" data-show-more=\"Afficher plus\" data-trigger=\"expand\">The pool, spa and ga<span class=\"glsr-hidden\">rden are beautiful with facilities to match throughout.<\/span><\/p>\n<p class=\"glsr-hidden\">Thanks again Ian and Hugh for making our holiday special, best wishes, Ken, Lisa and Buddy!<\/p><\/div><\/div>\n    \n    <div class=\"glsr-review-author\"><span class=\"glsr-tag-value\">Ken and Lisa Davis<\/span><\/div>  \n    \n<\/div>\n<div class=\"glsr-review\" data-id=\"1831\" data-type=\"local\" id=\"review-1831\" data-assigned='[]'>\n    <div class=\"glsr-review-title\"><h4 class=\"glsr-tag-value\">Dordogne Dream<\/h4><\/div>\n    <div class=\"glsr-review-rating\"><div class=\"glsr-star-rating glsr-stars\" role=\"img\" aria-label=\"Rated 5 out of 5 stars\" data-rating=\"5\" data-reviews=\"0\"><span class=\"glsr-star glsr-star-full\" aria-hidden=\"true\"><\/span><span class=\"glsr-star glsr-star-full\" aria-hidden=\"true\"><\/span><span class=\"glsr-star glsr-star-full\" aria-hidden=\"true\"><\/span><span class=\"glsr-star glsr-star-full\" aria-hidden=\"true\"><\/span><span class=\"glsr-star glsr-star-full\" aria-hidden=\"true\"><\/span><\/div><\/div> <div class=\"glsr-review-date\"><span class=\"glsr-tag-value\">22 juillet 2024<\/span><\/div>\n    \n    <div class=\"glsr-review-content\"><div class=\"glsr-tag-value\" data-expanded=\"false\"><p class=\"glsr-hidden-text\" data-show-less=\"Afficher moins\" data-show-more=\"Afficher plus\" data-trigger=\"expand\">We wanted to find a large luxurious house, full of character, peaceful location, stunning views and a private pool. Le Manoir des Fouilloux was all of these and more. The interior of the house would sit perfectly in a design magazine yet it was comfortable and homely. The gardens were stunning and we have been<span class=\"glsr-hidden\"> inspired by the design and planting. We will always remember our family dinners on the patio overlooking the pool and gardens &#8211; memories have been made. The hosts, Ian and Hugh, were completely delightful &#8211; always ready to offer help and local advice but were discreet and gave us complete privacy. We hope to return and would thoroughly recommend to anyone.<\/span><\/p><\/div><\/div>\n    \n    <div class=\"glsr-review-author\"><span class=\"glsr-tag-value\">Melanie, Hein and family<\/span><\/div>  \n    \n<\/div>\n<div class=\"glsr-review\" data-id=\"1825\" data-type=\"local\" id=\"review-1825\" data-assigned='[]'>\n    <div class=\"glsr-review-title\"><h4 class=\"glsr-tag-value\">Lovely house in Perigord<\/h4><\/div>\n    <div class=\"glsr-review-rating\"><div class=\"glsr-star-rating glsr-stars\" role=\"img\" aria-label=\"Rated 5 out of 5 stars\" data-rating=\"5\" data-reviews=\"0\"><span class=\"glsr-star glsr-star-full\" aria-hidden=\"true\"><\/span><span class=\"glsr-star glsr-star-full\" aria-hidden=\"true\"><\/span><span class=\"glsr-star glsr-star-full\" aria-hidden=\"true\"><\/span><span class=\"glsr-star glsr-star-full\" aria-hidden=\"true\"><\/span><span class=\"glsr-star glsr-star-full\" aria-hidden=\"true\"><\/span><\/div><\/div> <div class=\"glsr-review-date\"><span class=\"glsr-tag-value\">22 juin 2024<\/span><\/div>\n    \n    <div class=\"glsr-review-content\"><div class=\"glsr-tag-value\" data-expanded=\"false\"><p class=\"glsr-hidden-text\" data-show-less=\"Afficher moins\" data-show-more=\"Afficher plus\" data-trigger=\"expand\">We had a great time at the manor. The house is fantastic and wants for nothing and the pool area and gardens are great. The owners Ian and Hugh couldn&#8217;t have been nicer and more helpful. The surrounding area has lots to offer with the Sunday Market and restaurants in Aubterre particularly recommended<span class=\"glsr-hidden\"> . We will be back.<\/span><\/p><\/div><\/div>\n    \n    <div class=\"glsr-review-author\"><span class=\"glsr-tag-value\">Paul, Catherine , Grace and Otis the dog<\/span><\/div>  \n    \n<\/div>\n<div class=\"glsr-review\" data-id=\"1355\" data-type=\"local\" id=\"review-1355\" data-assigned='[]'>\n    <div class=\"glsr-review-title\"><h4 class=\"glsr-tag-value\">A Blissful Escape<\/h4><\/div>\n    <div class=\"glsr-review-rating\"><div class=\"glsr-star-rating glsr-stars\" role=\"img\" aria-label=\"Rated 5 out of 5 stars\" data-rating=\"5\" data-reviews=\"0\"><span class=\"glsr-star glsr-star-full\" aria-hidden=\"true\"><\/span><span class=\"glsr-star glsr-star-full\" aria-hidden=\"true\"><\/span><span class=\"glsr-star glsr-star-full\" aria-hidden=\"true\"><\/span><span class=\"glsr-star glsr-star-full\" aria-hidden=\"true\"><\/span><span class=\"glsr-star glsr-star-full\" aria-hidden=\"true\"><\/span><\/div><\/div> <div class=\"glsr-review-date\"><span class=\"glsr-tag-value\">16 janvier 2024<\/span><\/div>\n    \n    <div class=\"glsr-review-content\"><div class=\"glsr-tag-value\" data-expanded=\"false\"><p>Ian and Hugh are exceptional hosts unlike anywhere else. Nestled in the enchanting French countryside with breathtaking views and a tranquil atmosphere, Le Manoir des Fouilloux exceeds all expectations.<\/p>\n<p class=\"glsr-hidden-text\" data-show-less=\"Afficher moins\" data-show-more=\"Afficher plus\" data-trigger=\"expand\">The spacious en-suite rooms are tastefully decorated with plenty of space in the communal areas inside and outside of the house itself. We spent hours o<span class=\"glsr-hidden\">f an evening catching up over a glass of wine on the terrace whilst overlooking the swimming pool and miles of local land in complete peace.<\/span><\/p>\n<p class=\"glsr-hidden\">With many highlights of our stay, one of which was the swimming pool given the heatwave we experienced during our stay. Plus there are plenty of sun beds and seats around the pool (we were a family of 6) making it an incredibly relaxing stay.<\/p>\n<p class=\"glsr-hidden\">Another highlight was locally where we thoroughly enjoyed visiting St Emilion, a lovely drive through the vineyards led us to a wonderful day out. We explored the town&#8217;s cobbled streets, popped into the unique independent shops and visited the historic landmarks with beautiful views. We may have purchased a few bottles of local wine!<\/p>\n<p class=\"glsr-hidden\">Ian and Hugh go above and beyond to make a stay at Le Manoir memorable. Their warm welcome and helpful tips on the local area added a personal touch that made us feel at home as soon as we arrived.<\/p>\n<p class=\"glsr-hidden\">Le Manoir is a true gem and it&#8217;s Ian and Hugh that make it so.<\/p><\/div><\/div>\n    \n    <div class=\"glsr-review-author\"><span class=\"glsr-tag-value\">Lyndsey Taylor<\/span><\/div>  \n    \n<\/div>\n    <\/div>\n    \n<\/div><\/div><\/div>\n","protected":false},"excerpt":{"rendered":"<p>Si vous avez s\u00e9journ\u00e9 au Manoir des Fouilloux, nous aimerions savoir ce que vous en avez pens\u00e9. Laissez-nous un commentaire en utilisant le petit formulaire ci-dessous. Ce que disent nos clients<\/p>\n","protected":false},"author":1,"featured_media":1597,"parent":0,"menu_order":0,"comment_status":"closed","ping_status":"closed","template":"template-hero.php","meta":{"_glsr_average":0,"_glsr_ranking":0,"_glsr_reviews":0,"footnotes":""},"class_list":["post-1684","page","type-page","status-publish","has-post-thumbnail","hentry"],"_links":{"self":[{"href":"https:\/\/lemanoirdf.com\/fr\/wp-json\/wp\/v2\/pages\/1684","targetHints":{"allow":["GET"]}}],"collection":[{"href":"https:\/\/lemanoirdf.com\/fr\/wp-json\/wp\/v2\/pages"}],"about":[{"href":"https:\/\/lemanoirdf.com\/fr\/wp-json\/wp\/v2\/types\/page"}],"author":[{"embeddable":true,"href":"https:\/\/lemanoirdf.com\/fr\/wp-json\/wp\/v2\/users\/1"}],"replies":[{"embeddable":true,"href":"https:\/\/lemanoirdf.com\/fr\/wp-json\/wp\/v2\/comments?post=1684"}],"version-history":[{"count":3,"href":"https:\/\/lemanoirdf.com\/fr\/wp-json\/wp\/v2\/pages\/1684\/revisions"}],"predecessor-version":[{"id":1775,"href":"https:\/\/lemanoirdf.com\/fr\/wp-json\/wp\/v2\/pages\/1684\/revisions\/1775"}],"wp:featuredmedia":[{"embeddable":true,"href":"https:\/\/lemanoirdf.com\/fr\/wp-json\/wp\/v2\/media\/1597"}],"wp:attachment":[{"href":"https:\/\/lemanoirdf.com\/fr\/wp-json\/wp\/v2\/media?parent=1684"}],"curies":[{"name":"wp","href":"https:\/\/api.w.org\/{rel}","templated":true}]}}