{"id":1678,"date":"2024-05-09T11:43:21","date_gmt":"2024-05-09T09:43:21","guid":{"rendered":"https:\/\/lemanoirdf.com\/disabled-access\/"},"modified":"2024-05-09T14:44:08","modified_gmt":"2024-05-09T12:44:08","slug":"acces-pour-personnes-handicapees","status":"publish","type":"page","link":"https:\/\/lemanoirdf.com\/fr\/acces-pour-personnes-handicapees\/","title":{"rendered":"Acc\u00e8s pour Personnes Handicap\u00e9es"},"content":{"rendered":"\n<p>Nous sommes heureux d&rsquo;accueillir les personnes handicap\u00e9es et, compte tenu des contraintes de notre ancien manoir, nous nous effor\u00e7ons de leur fournir un acc\u00e8s facile au propri\u00e9t\u00e9 et ses installations. \u00c0 ce jour, nous avons fourni :<\/p>\n\n\n\n<ul class=\"wp-block-list\">\n<li>Des salles de bains sans marches avec des douches \u00e0 l&rsquo;italienne dans 3 des 4 chambres.<\/li>\n\n\n\n<li>3 chambres au rez-de-chauss\u00e9e avec acc\u00e8s sans marche.<\/li>\n\n\n\n<li>Barres de maintien dans toutes les douches.<\/li>\n\n\n\n<li>Un si\u00e8ge de douche\/toilette est disponible sur demande.<\/li>\n<\/ul>\n\n\n\n<h2 class=\"wp-block-heading\">Plans futurs<\/h2>\n\n\n\n<p>Nous pr\u00e9voyons de faciliter l&rsquo;acc\u00e8s \u00e0 la maison pour les fauteuils roulants en installant une rampe dans la cour. Une fois dans la maison, il est possible d&rsquo;acc\u00e9der \u00e0 toutes les pi\u00e8ces principales et la suite parentale est actuellement accessible aux fauteuils roulants.<\/p>\n","protected":false},"excerpt":{"rendered":"<p>Nous sommes heureux d&rsquo;accueillir les personnes handicap\u00e9es et, compte tenu des contraintes de notre ancien manoir, nous nous effor\u00e7ons de leur fournir un acc\u00e8s facile au propri\u00e9t\u00e9 et ses installations. \u00c0 ce jour, nous avons fourni : Plans futurs Nous pr\u00e9voyons de faciliter l&rsquo;acc\u00e8s \u00e0 la maison pour les fauteuils roulants en installant une rampe [&hellip;]<\/p>\n","protected":false},"author":1,"featured_media":0,"parent":0,"menu_order":0,"comment_status":"closed","ping_status":"closed","template":"","meta":{"_glsr_average":0,"_glsr_ranking":0,"_glsr_reviews":0,"footnotes":""},"class_list":["post-1678","page","type-page","status-publish","hentry"],"_links":{"self":[{"href":"https:\/\/lemanoirdf.com\/fr\/wp-json\/wp\/v2\/pages\/1678","targetHints":{"allow":["GET"]}}],"collection":[{"href":"https:\/\/lemanoirdf.com\/fr\/wp-json\/wp\/v2\/pages"}],"about":[{"href":"https:\/\/lemanoirdf.com\/fr\/wp-json\/wp\/v2\/types\/page"}],"author":[{"embeddable":true,"href":"https:\/\/lemanoirdf.com\/fr\/wp-json\/wp\/v2\/users\/1"}],"replies":[{"embeddable":true,"href":"https:\/\/lemanoirdf.com\/fr\/wp-json\/wp\/v2\/comments?post=1678"}],"version-history":[{"count":3,"href":"https:\/\/lemanoirdf.com\/fr\/wp-json\/wp\/v2\/pages\/1678\/revisions"}],"predecessor-version":[{"id":1821,"href":"https:\/\/lemanoirdf.com\/fr\/wp-json\/wp\/v2\/pages\/1678\/revisions\/1821"}],"wp:attachment":[{"href":"https:\/\/lemanoirdf.com\/fr\/wp-json\/wp\/v2\/media?parent=1678"}],"curies":[{"name":"wp","href":"https:\/\/api.w.org\/{rel}","templated":true}]}}