{"id":1666,"date":"2017-10-29T22:20:36","date_gmt":"2017-10-29T21:20:36","guid":{"rendered":"https:\/\/lemanoirdf.com\/about-the-owners\/"},"modified":"2024-05-09T12:52:40","modified_gmt":"2024-05-09T10:52:40","slug":"les-proprietaires","status":"publish","type":"page","link":"https:\/\/lemanoirdf.com\/fr\/les-proprietaires\/","title":{"rendered":"\u00c0 Propos des Propri\u00e9taires"},"content":{"rendered":"\n<p>Les propri\u00e9taires Hugh Steward et son partenaire Ian Kenworthy ont restaur\u00e9 avec amour Le Manoir des Fouilloux pour retrouver sa gloire d&rsquo;antan au cours des quatre derni\u00e8res ann\u00e9es. Ian et Hugh apportent maintenant leur passion pour l&rsquo;hospitalit\u00e9, le service et le style \u00e0 la Dordogne.<\/p>\n\n\n\n<p>La carri\u00e8re h\u00f4teli\u00e8re d&rsquo;Ian s&rsquo;\u00e9tend sur 35 ans. Il a commenc\u00e9 dans la gestion h\u00f4teli\u00e8re \u00e0 Londres et a obtenu son dipl\u00f4me en gestion de restaurants dans la City et le West End. Ian a mis fin \u00e0 sa carri\u00e8re en tant que directeur g\u00e9n\u00e9ral du Reform Club de renomm\u00e9e mondiale au Pall Mall \u00e0 Londres.<\/p>\n\n\n\n<p>En tant que directeur et directeur du conseil d&rsquo;administration du NHS, Hugh avait une passion pour la fourniture d&rsquo;environnements et de services de classe mondiale aux patients et au personnel. Hugh a travaill\u00e9 \u00e0 St. L&rsquo;h\u00f4pital Bartholomew, le Royal Marsden, l&rsquo;h\u00f4pital King&rsquo;s College et l&rsquo;h\u00f4pital universitaire de Newham. Dans chaque r\u00f4le, il a utilis\u00e9 son influence pour gagner des prix de design pour des b\u00e2timents et des jardins inspirants.<\/p>\n\n\n\n<p>Hugh et Ian sont tous deux passionn\u00e9s par la nourriture, le jardinage et le design d&rsquo;int\u00e9rieur. Ils s&rsquo;engagent \u00e0 travailler avec la nature pour garantir une empreinte durable dans la France rurale. Ils aiment l&rsquo;art, la musique et permettent \u00e0 la cr\u00e9ativit\u00e9 d&rsquo;\u00eatre un facteur dominant dans leur vie. Ils ont beaucoup voyag\u00e9 et comprennent le vrai sens du service de premi\u00e8re classe.<\/p>\n\n\n\n<figure class=\"wp-block-gallery has-nested-images columns-2 is-cropped wp-block-gallery-1 is-layout-flex wp-block-gallery-is-layout-flex\">\n<figure class=\"wp-block-image size-large\"><a data-size=\"1200x1462\" href=\"https:\/\/lemanoirdf.com\/wp-content\/uploads\/2019\/03\/ian.jpg\"><img loading=\"lazy\" decoding=\"async\" width=\"840\" height=\"1024\" data-id=\"1143\" src=\"https:\/\/lemanoirdf.com\/wp-content\/uploads\/2019\/03\/ian-840x1024.jpg\" alt=\"\" class=\"wp-image-1143\" srcset=\"https:\/\/lemanoirdf.com\/wp-content\/uploads\/2019\/03\/ian-840x1024.jpg 840w, https:\/\/lemanoirdf.com\/wp-content\/uploads\/2019\/03\/ian-246x300.jpg 246w, https:\/\/lemanoirdf.com\/wp-content\/uploads\/2019\/03\/ian-768x936.jpg 768w, https:\/\/lemanoirdf.com\/wp-content\/uploads\/2019\/03\/ian.jpg 1200w\" sizes=\"auto, (max-width: 840px) 100vw, 840px\" \/><\/a><figcaption class=\"wp-element-caption\">Ian<\/figcaption><\/figure>\n\n\n\n<figure class=\"wp-block-image size-large\"><a data-size=\"640x640\" href=\"https:\/\/lemanoirdf.com\/wp-content\/uploads\/2019\/03\/hugh.jpeg\"><img loading=\"lazy\" decoding=\"async\" width=\"640\" height=\"640\" data-id=\"1140\" src=\"https:\/\/lemanoirdf.com\/wp-content\/uploads\/2019\/03\/hugh.jpeg\" alt=\"\" class=\"wp-image-1140\" srcset=\"https:\/\/lemanoirdf.com\/wp-content\/uploads\/2019\/03\/hugh.jpeg 640w, https:\/\/lemanoirdf.com\/wp-content\/uploads\/2019\/03\/hugh-150x150.jpeg 150w, https:\/\/lemanoirdf.com\/wp-content\/uploads\/2019\/03\/hugh-300x300.jpeg 300w\" sizes=\"auto, (max-width: 640px) 100vw, 640px\" \/><\/a><figcaption class=\"wp-element-caption\">Hugh<\/figcaption><\/figure>\n<\/figure>\n","protected":false},"excerpt":{"rendered":"<p>Les propri\u00e9taires Hugh Steward et son partenaire Ian Kenworthy ont restaur\u00e9 avec amour Le Manoir des Fouilloux pour retrouver sa gloire d&rsquo;antan au cours des quatre derni\u00e8res ann\u00e9es. Ian et Hugh apportent maintenant leur passion pour l&rsquo;hospitalit\u00e9, le service et le style \u00e0 la Dordogne. La carri\u00e8re h\u00f4teli\u00e8re d&rsquo;Ian s&rsquo;\u00e9tend sur 35 ans. Il a [&hellip;]<\/p>\n","protected":false},"author":1,"featured_media":1561,"parent":0,"menu_order":0,"comment_status":"closed","ping_status":"closed","template":"template-hero.php","meta":{"_glsr_average":0,"_glsr_ranking":0,"_glsr_reviews":0,"footnotes":""},"class_list":["post-1666","page","type-page","status-publish","has-post-thumbnail","hentry"],"_links":{"self":[{"href":"https:\/\/lemanoirdf.com\/fr\/wp-json\/wp\/v2\/pages\/1666","targetHints":{"allow":["GET"]}}],"collection":[{"href":"https:\/\/lemanoirdf.com\/fr\/wp-json\/wp\/v2\/pages"}],"about":[{"href":"https:\/\/lemanoirdf.com\/fr\/wp-json\/wp\/v2\/types\/page"}],"author":[{"embeddable":true,"href":"https:\/\/lemanoirdf.com\/fr\/wp-json\/wp\/v2\/users\/1"}],"replies":[{"embeddable":true,"href":"https:\/\/lemanoirdf.com\/fr\/wp-json\/wp\/v2\/comments?post=1666"}],"version-history":[{"count":3,"href":"https:\/\/lemanoirdf.com\/fr\/wp-json\/wp\/v2\/pages\/1666\/revisions"}],"predecessor-version":[{"id":1766,"href":"https:\/\/lemanoirdf.com\/fr\/wp-json\/wp\/v2\/pages\/1666\/revisions\/1766"}],"wp:featuredmedia":[{"embeddable":true,"href":"https:\/\/lemanoirdf.com\/fr\/wp-json\/wp\/v2\/media\/1561"}],"wp:attachment":[{"href":"https:\/\/lemanoirdf.com\/fr\/wp-json\/wp\/v2\/media?parent=1666"}],"curies":[{"name":"wp","href":"https:\/\/api.w.org\/{rel}","templated":true}]}}