{"id":1661,"date":"2019-03-06T09:37:25","date_gmt":"2019-03-06T08:37:25","guid":{"rendered":"https:\/\/lemanoirdf.com\/about-the-manoir\/"},"modified":"2024-05-09T13:37:42","modified_gmt":"2024-05-09T11:37:42","slug":"a-propos-du-manoir","status":"publish","type":"page","link":"https:\/\/lemanoirdf.com\/fr\/a-propos-du-manoir\/","title":{"rendered":"\u00c0 Propos du Manoir"},"content":{"rendered":"<p>Cette propri\u00e9t\u00e9 caract\u00e9ristique, le manoir d&rsquo;origine du petit hameau de campagne, a \u00e9t\u00e9 minutieusement r\u00e9nov\u00e9e et restaur\u00e9e \u00e0 son ancienne gloire par les propri\u00e9taires actuels.<\/p>\n<p>De la haute qualit\u00e9 et un souci aux d\u00e9tails tout sont partout en \u00e9vidence un design int\u00e9rieur fabuleux et une superbe utilisation du grand jardin, des terrasses et de la cour.<\/p>\n<p>Une longue route priv\u00e9e m\u00e8ne \u00e0 l&rsquo;entr\u00e9e ferm\u00e9e et aux 2 hectares de jardin priv\u00e9 (principalement de la pelouse) avec des arbres matures et un jeune verger.<\/p>\n<p>Le jardin avant dispose d&rsquo;une grande terrasse pleine largeur avec et salle \u00e0 manger, ainsi que d&rsquo;une plus petite terrasse acc\u00e9d\u00e9 depuis de la chambre principale. Le tout surplombe la piscine priv\u00e9e de 10 m x 4 m et la terrasse bien expos\u00e9e avec ses chaises longues.<\/p>\n<p>Juste au-del\u00e0 se trouve un jacuzzi ombrag\u00e9 et priv\u00e9 pour 6 personnes.<\/p>\n<p>\u00c0 l&rsquo;arri\u00e8re de la maison se trouve une grande cour, de style marocain, avec un \u00e9l\u00e9ment d&rsquo;eau central et une cuisine d&rsquo;\u00e9t\u00e9 enti\u00e8rement \u00e9quip\u00e9e et une salle \u00e0 manger ombrag\u00e9e.<\/p>\n<p>Pour les intr\u00e9pides, une salle de sport en mezzanine est \u00e0 disposition dans la grange attenante.<\/p>\n<p>Le Manoir propose des h\u00e9bergements de haute qualit\u00e9 \u00e0 un \u00e9tage avec une cuisine de style ferme, un salon avec Wi-Fi et t\u00e9l\u00e9vision britannique, une salle \u00e0 manger et quatre chambres privatives. Chambre principale avec chambre attenante avec lit de repos.<\/p>\n<p>La ville locale de Saint-Aulaye dispose de toutes les commodit\u00e9s, y compris des restaurants, une boulangerie, des caf\u00e9s-bars, une pizzeria, un supermarch\u00e9 et un garage ouvert 24h\/24.<\/p>\n<p>De grandes excursions dans la c\u00e9l\u00e8bre ville viticole de Saint-\u00c9milion et Bordeaux avec sa fabuleuse architecture, ses boutiques et ses sites culturels.<\/p>\n<p>Propri\u00e9t\u00e9 de charme, o\u00f9 les propri\u00e9taires vivent sur place dans un h\u00e9bergement s\u00e9par\u00e9 et priv\u00e9. Toutes les installations sont \u00e0 l&rsquo;usage exclusif des locataires.<\/p>\n<div id='gallery-1' class='gallery galleryid-1661 gallery-columns-3 gallery-size-thumbnail'><figure class='gallery-item'>\n\t\t\t<div class='gallery-icon landscape'>\n\t\t\t\t<a href='https:\/\/lemanoirdf.com\/fr\/a-propos-du-manoir\/imderfrage1-2\/'><img loading=\"lazy\" decoding=\"async\" width=\"150\" height=\"150\" src=\"https:\/\/lemanoirdf.com\/wp-content\/uploads\/2019\/03\/imderfrage1-150x150.jpeg\" class=\"attachment-thumbnail size-thumbnail\" alt=\"\" srcset=\"https:\/\/lemanoirdf.com\/wp-content\/uploads\/2019\/03\/imderfrage1-150x150.jpeg 150w, https:\/\/lemanoirdf.com\/wp-content\/uploads\/2019\/03\/imderfrage1-300x300.jpeg 300w\" sizes=\"auto, (max-width: 150px) 100vw, 150px\" \/><\/a>\n\t\t\t<\/div><\/figure><figure class='gallery-item'>\n\t\t\t<div class='gallery-icon landscape'>\n\t\t\t\t<a href='https:\/\/lemanoirdf.com\/fr\/a-propos-du-manoir\/image2-2\/'><img loading=\"lazy\" decoding=\"async\" width=\"150\" height=\"150\" src=\"https:\/\/lemanoirdf.com\/wp-content\/uploads\/2019\/03\/image2-150x150.jpeg\" class=\"attachment-thumbnail size-thumbnail\" alt=\"\" srcset=\"https:\/\/lemanoirdf.com\/wp-content\/uploads\/2019\/03\/image2-150x150.jpeg 150w, https:\/\/lemanoirdf.com\/wp-content\/uploads\/2019\/03\/image2-300x300.jpeg 300w\" sizes=\"auto, (max-width: 150px) 100vw, 150px\" \/><\/a>\n\t\t\t<\/div><\/figure><figure class='gallery-item'>\n\t\t\t<div class='gallery-icon landscape'>\n\t\t\t\t<a href='https:\/\/lemanoirdf.com\/fr\/room\/kitchen\/0-10-2\/'><img loading=\"lazy\" decoding=\"async\" width=\"150\" height=\"150\" src=\"https:\/\/lemanoirdf.com\/wp-content\/uploads\/2017\/10\/0-10-150x150.jpg\" class=\"attachment-thumbnail size-thumbnail\" alt=\"\" srcset=\"https:\/\/lemanoirdf.com\/wp-content\/uploads\/2017\/10\/0-10-150x150.jpg 150w, https:\/\/lemanoirdf.com\/wp-content\/uploads\/2017\/10\/0-10-300x300.jpg 300w, https:\/\/lemanoirdf.com\/wp-content\/uploads\/2017\/10\/0-10-768x768.jpg 768w\" sizes=\"auto, (max-width: 150px) 100vw, 150px\" \/><\/a>\n\t\t\t<\/div><\/figure>\n\t\t<\/div>\n\n<figure id=\"attachment_900\" class=\"wp-content-image\"><\/figure>\n","protected":false},"excerpt":{"rendered":"<p>Cette propri\u00e9t\u00e9 caract\u00e9ristique, le manoir d&rsquo;origine du petit hameau de campagne, a \u00e9t\u00e9 minutieusement r\u00e9nov\u00e9e et restaur\u00e9e \u00e0 son ancienne gloire par les propri\u00e9taires actuels. De la haute qualit\u00e9 et un souci aux d\u00e9tails tout sont partout en \u00e9vidence un design int\u00e9rieur fabuleux et une superbe utilisation du grand jardin, des terrasses et de la [&hellip;]<\/p>\n","protected":false},"author":1,"featured_media":1574,"parent":0,"menu_order":0,"comment_status":"closed","ping_status":"closed","template":"template-hero.php","meta":{"_glsr_average":0,"_glsr_ranking":0,"_glsr_reviews":0,"footnotes":""},"class_list":["post-1661","page","type-page","status-publish","has-post-thumbnail","hentry"],"_links":{"self":[{"href":"https:\/\/lemanoirdf.com\/fr\/wp-json\/wp\/v2\/pages\/1661","targetHints":{"allow":["GET"]}}],"collection":[{"href":"https:\/\/lemanoirdf.com\/fr\/wp-json\/wp\/v2\/pages"}],"about":[{"href":"https:\/\/lemanoirdf.com\/fr\/wp-json\/wp\/v2\/types\/page"}],"author":[{"embeddable":true,"href":"https:\/\/lemanoirdf.com\/fr\/wp-json\/wp\/v2\/users\/1"}],"replies":[{"embeddable":true,"href":"https:\/\/lemanoirdf.com\/fr\/wp-json\/wp\/v2\/comments?post=1661"}],"version-history":[{"count":3,"href":"https:\/\/lemanoirdf.com\/fr\/wp-json\/wp\/v2\/pages\/1661\/revisions"}],"predecessor-version":[{"id":1773,"href":"https:\/\/lemanoirdf.com\/fr\/wp-json\/wp\/v2\/pages\/1661\/revisions\/1773"}],"wp:featuredmedia":[{"embeddable":true,"href":"https:\/\/lemanoirdf.com\/fr\/wp-json\/wp\/v2\/media\/1574"}],"wp:attachment":[{"href":"https:\/\/lemanoirdf.com\/fr\/wp-json\/wp\/v2\/media?parent=1661"}],"curies":[{"name":"wp","href":"https:\/\/api.w.org\/{rel}","templated":true}]}}